{"id":11169,"date":"2026-01-14T19:42:58","date_gmt":"2026-01-14T18:42:58","guid":{"rendered":"https:\/\/mc-elektronika.hr\/?product=reo-trackmix-lte-g770"},"modified":"2026-01-14T20:32:02","modified_gmt":"2026-01-14T19:32:02","slug":"reo-trackmix-lte-g770","status":"publish","type":"product","link":"https:\/\/mc-elektronika.hr\/?product=reo-trackmix-lte-g770","title":{"rendered":"REO TrackMix LTE (G770)"},"content":{"rendered":"<table id=\"ContentPlaceHolder1_GridViewTechnicalCharacteristics\" class=\"table table-striped mt-2\" cellspacing=\"0\">\n<tbody>\n<tr>\n<td>Proizvo\u0111a\u010d<\/td>\n<td>Reolink<\/td>\n<\/tr>\n<tr>\n<td>Tehnologija<\/td>\n<td>4G<\/td>\n<\/tr>\n<tr>\n<td>Objektiv<\/td>\n<td>2.8 mm + 8 mm (96\u00b0-38\u00b0)<\/td>\n<\/tr>\n<tr>\n<td>Max rezolucija<\/td>\n<td>4Mpx<\/td>\n<\/tr>\n<tr>\n<td>SD kartica<\/td>\n<td>Do 128 Gb<\/td>\n<\/tr>\n<tr>\n<td>Audio<\/td>\n<td>Ugra\u0111en zvu\u010dnik i mikrofon<\/td>\n<\/tr>\n<tr>\n<td>IR<\/td>\n<td>do 15m<\/td>\n<\/tr>\n<tr>\n<td>IP za\u0161tita<\/td>\n<td>IP66<\/td>\n<\/tr>\n<tr>\n<td>Napajanje<\/td>\n<td>Baterijsko<\/td>\n<\/tr>\n<tr>\n<td>Dimenzije<\/td>\n<td>228*147*129 mm<\/td>\n<\/tr>\n<tr>\n<td>Videoanalitika<\/td>\n<td>Smart AI &#8211; Person \/ Vehicle detection with auto-tracking<\/td>\n<\/tr>\n<\/tbody>\n<\/table>\n","protected":false},"excerpt":{"rendered":"<p>Vanjska be\u017ei\u010dna PTZ baterijska 4G kamera s dvije le\u0107e, 8MP, jedna \u0161irokokutna, druga telephoto le\u0107a uz 6x hibridni zoom automatski zumira prema osobama ili vozilima i prati ih rotacijom do 355\u00b0\/90\u00b0. Mogu\u0107nost odabira prioriteta pra\u0107enja i zumiranja, podru\u010dja i po\u010detne pozicije. Ugra\u0111en reflektor, baterija, utor za SIM i SD karticu do 256GB, mogu\u0107nost prepoznavanja osoba i vozila, opremljena je u\u010dinkovitim\u00a0no\u0107nim snimanjem, detekcijom pokreta,\u00a0dvosmjerni audio. Pristup kameri putem mobilne ili desktop aplikacije, napajanje putem REO solar panela V2.<\/p>\n","protected":false},"featured_media":11207,"comment_status":"open","ping_status":"closed","template":"","meta":{"om_disable_all_campaigns":false,"_monsterinsights_skip_tracking":false,"_monsterinsights_sitenote_active":false,"_monsterinsights_sitenote_note":"","_monsterinsights_sitenote_category":0},"product_brand":[],"product_cat":[180],"product_tag":[182,181,183],"class_list":{"0":"post-11169","1":"product","2":"type-product","3":"status-publish","4":"has-post-thumbnail","6":"product_cat-reolink","7":"product_tag-ptz","8":"product_tag-reolink","9":"product_tag-solar","11":"first","12":"instock","13":"shipping-taxable","14":"purchasable","15":"product-type-simple"},"aioseo_notices":[],"_links":{"self":[{"href":"https:\/\/mc-elektronika.hr\/index.php?rest_route=\/wp\/v2\/product\/11169","targetHints":{"allow":["GET"]}}],"collection":[{"href":"https:\/\/mc-elektronika.hr\/index.php?rest_route=\/wp\/v2\/product"}],"about":[{"href":"https:\/\/mc-elektronika.hr\/index.php?rest_route=\/wp\/v2\/types\/product"}],"replies":[{"embeddable":true,"href":"https:\/\/mc-elektronika.hr\/index.php?rest_route=%2Fwp%2Fv2%2Fcomments&post=11169"}],"wp:featuredmedia":[{"embeddable":true,"href":"https:\/\/mc-elektronika.hr\/index.php?rest_route=\/wp\/v2\/media\/11207"}],"wp:attachment":[{"href":"https:\/\/mc-elektronika.hr\/index.php?rest_route=%2Fwp%2Fv2%2Fmedia&parent=11169"}],"wp:term":[{"taxonomy":"product_brand","embeddable":true,"href":"https:\/\/mc-elektronika.hr\/index.php?rest_route=%2Fwp%2Fv2%2Fproduct_brand&post=11169"},{"taxonomy":"product_cat","embeddable":true,"href":"https:\/\/mc-elektronika.hr\/index.php?rest_route=%2Fwp%2Fv2%2Fproduct_cat&post=11169"},{"taxonomy":"product_tag","embeddable":true,"href":"https:\/\/mc-elektronika.hr\/index.php?rest_route=%2Fwp%2Fv2%2Fproduct_tag&post=11169"}],"curies":[{"name":"wp","href":"https:\/\/api.w.org\/{rel}","templated":true}]}}