{"id":11167,"date":"2026-01-14T19:42:57","date_gmt":"2026-01-14T18:42:57","guid":{"rendered":"https:\/\/mc-elektronika.hr\/?product=reo-rlk8-410b4-nvs8-5mb4"},"modified":"2026-01-14T20:30:06","modified_gmt":"2026-01-14T19:30:06","slug":"reo-rlk8-410b4-nvs8-5mb4","status":"publish","type":"product","link":"https:\/\/mc-elektronika.hr\/?product=reo-rlk8-410b4-nvs8-5mb4","title":{"rendered":"REO RLK8-410B4 (NVS8-5MB4)"},"content":{"rendered":"<table id=\"ContentPlaceHolder1_GridViewTechnicalCharacteristics\" class=\"table table-striped mt-2\" cellspacing=\"0\">\n<tbody>\n<tr>\n<td>Proizvo\u0111a\u010d<\/td>\n<td>Reolink<\/td>\n<\/tr>\n<tr>\n<td>Tehnologija<\/td>\n<td>IP video<\/td>\n<\/tr>\n<tr>\n<td>Max rezolucija<\/td>\n<td>4Mpx<\/td>\n<\/tr>\n<tr>\n<td>SD kartica<\/td>\n<td>Ne<\/td>\n<\/tr>\n<tr>\n<td>Audio<\/td>\n<td>Ugra\u0111en mikrofon<\/td>\n<\/tr>\n<tr>\n<td>IR<\/td>\n<td>do 30m<\/td>\n<\/tr>\n<tr>\n<td>IP za\u0161tita<\/td>\n<td>IP66<\/td>\n<\/tr>\n<tr>\n<td>Napajanje<\/td>\n<td>12V DC, PoE<\/td>\n<\/tr>\n<tr>\n<td>Videoanalitika<\/td>\n<td>Smart AI &#8211; Person \/ Vehicle detection<\/td>\n<\/tr>\n<\/tbody>\n<\/table>\n","protected":false},"excerpt":{"rendered":"<p>PoE IP komplet za video nadzor s 8 kanalnim snima\u010dem i \u010detiri 5MP bullet kamere (P320), mogu\u0107nost prepoznavanja osoba, vozila i \u017eivotinja uklju\u010den hard disk od 2TB i sva potrebna oprema za spajanje.<\/p>\n","protected":false},"featured_media":11205,"comment_status":"open","ping_status":"closed","template":"","meta":{"om_disable_all_campaigns":false,"_monsterinsights_skip_tracking":false,"_monsterinsights_sitenote_active":false,"_monsterinsights_sitenote_note":"","_monsterinsights_sitenote_category":0},"product_brand":[],"product_cat":[180],"product_tag":[181],"class_list":{"0":"post-11167","1":"product","2":"type-product","3":"status-publish","4":"has-post-thumbnail","6":"product_cat-reolink","7":"product_tag-reolink","9":"first","10":"instock","11":"shipping-taxable","12":"purchasable","13":"product-type-simple"},"aioseo_notices":[],"_links":{"self":[{"href":"https:\/\/mc-elektronika.hr\/index.php?rest_route=\/wp\/v2\/product\/11167","targetHints":{"allow":["GET"]}}],"collection":[{"href":"https:\/\/mc-elektronika.hr\/index.php?rest_route=\/wp\/v2\/product"}],"about":[{"href":"https:\/\/mc-elektronika.hr\/index.php?rest_route=\/wp\/v2\/types\/product"}],"replies":[{"embeddable":true,"href":"https:\/\/mc-elektronika.hr\/index.php?rest_route=%2Fwp%2Fv2%2Fcomments&post=11167"}],"wp:featuredmedia":[{"embeddable":true,"href":"https:\/\/mc-elektronika.hr\/index.php?rest_route=\/wp\/v2\/media\/11205"}],"wp:attachment":[{"href":"https:\/\/mc-elektronika.hr\/index.php?rest_route=%2Fwp%2Fv2%2Fmedia&parent=11167"}],"wp:term":[{"taxonomy":"product_brand","embeddable":true,"href":"https:\/\/mc-elektronika.hr\/index.php?rest_route=%2Fwp%2Fv2%2Fproduct_brand&post=11167"},{"taxonomy":"product_cat","embeddable":true,"href":"https:\/\/mc-elektronika.hr\/index.php?rest_route=%2Fwp%2Fv2%2Fproduct_cat&post=11167"},{"taxonomy":"product_tag","embeddable":true,"href":"https:\/\/mc-elektronika.hr\/index.php?rest_route=%2Fwp%2Fv2%2Fproduct_tag&post=11167"}],"curies":[{"name":"wp","href":"https:\/\/api.w.org\/{rel}","templated":true}]}}