{"id":11166,"date":"2026-01-14T19:42:57","date_gmt":"2026-01-14T18:42:57","guid":{"rendered":"https:\/\/mc-elektronika.hr\/?product=reo-rlc-811wa-w430"},"modified":"2026-01-14T20:29:22","modified_gmt":"2026-01-14T19:29:22","slug":"reo-rlc-811wa-w430","status":"publish","type":"product","link":"https:\/\/mc-elektronika.hr\/?product=reo-rlc-811wa-w430","title":{"rendered":"REO RLC-811WA (W430)"},"content":{"rendered":"<table id=\"ContentPlaceHolder1_GridViewTechnicalCharacteristics\" class=\"table table-striped mt-2\" cellspacing=\"0\">\n<tbody>\n<tr>\n<td>Proizvo\u0111a\u010d<\/td>\n<td>Reolink<\/td>\n<\/tr>\n<tr>\n<td>Objektiv<\/td>\n<td>2.7-13.5mm (100\u00b0-31\u00b0)<\/td>\n<\/tr>\n<tr>\n<td>Max rezolucija<\/td>\n<td>8Mpx<\/td>\n<\/tr>\n<tr>\n<td>SD kartica<\/td>\n<td>Do 256 Gb<\/td>\n<\/tr>\n<tr>\n<td>Audio<\/td>\n<td>Ugra\u0111en mikrofon<\/td>\n<\/tr>\n<tr>\n<td>IR<\/td>\n<td>do 30m<\/td>\n<\/tr>\n<tr>\n<td>IP za\u0161tita<\/td>\n<td>IP67<\/td>\n<\/tr>\n<tr>\n<td>Napajanje<\/td>\n<td>12V DC<\/td>\n<\/tr>\n<tr>\n<td>Dimenzije<\/td>\n<td>80 x 72 x 238mm<\/td>\n<\/tr>\n<tr>\n<td>Videoanalitika<\/td>\n<td>Smart AI &#8211; Person \/ Vehicle detection<\/td>\n<\/tr>\n<tr>\n<td>White Light LED<\/td>\n<td>20-30m<\/td>\n<\/tr>\n<\/tbody>\n<\/table>\n","protected":false},"excerpt":{"rendered":"<p>Vanjska WiFi kamera s reflektorom, mogu\u0107nost detekcije osoba, vozila i \u017eivotinja, rezolucija 8MP, 5x opti\u010dki zum, radi na 2,4 i 5 GHz WiFi mre\u017ei te podr\u017eava WiFi 6 standard, opremljena je u\u010dinkovitim no\u0107nim prikazom, detekcijom pokreta, mikrofonom i zvu\u010dnikom za dvosmjerni audio i IP66 za\u0161titom, podr\u017eava MicroSD kartice do 256GB, pristup kameri bilo kada i bilo gdje putem mobilne ili desktop aplikacije. Uklju\u010den 12V adapter i 4m kabela napajanja.<\/p>\n","protected":false},"featured_media":11204,"comment_status":"open","ping_status":"closed","template":"","meta":{"om_disable_all_campaigns":false,"_monsterinsights_skip_tracking":false,"_monsterinsights_sitenote_active":false,"_monsterinsights_sitenote_note":"","_monsterinsights_sitenote_category":0},"product_brand":[],"product_cat":[180],"product_tag":[182,181],"class_list":{"0":"post-11166","1":"product","2":"type-product","3":"status-publish","4":"has-post-thumbnail","6":"product_cat-reolink","7":"product_tag-ptz","8":"product_tag-reolink","10":"first","11":"instock","12":"shipping-taxable","13":"purchasable","14":"product-type-simple"},"aioseo_notices":[],"_links":{"self":[{"href":"https:\/\/mc-elektronika.hr\/index.php?rest_route=\/wp\/v2\/product\/11166","targetHints":{"allow":["GET"]}}],"collection":[{"href":"https:\/\/mc-elektronika.hr\/index.php?rest_route=\/wp\/v2\/product"}],"about":[{"href":"https:\/\/mc-elektronika.hr\/index.php?rest_route=\/wp\/v2\/types\/product"}],"replies":[{"embeddable":true,"href":"https:\/\/mc-elektronika.hr\/index.php?rest_route=%2Fwp%2Fv2%2Fcomments&post=11166"}],"wp:featuredmedia":[{"embeddable":true,"href":"https:\/\/mc-elektronika.hr\/index.php?rest_route=\/wp\/v2\/media\/11204"}],"wp:attachment":[{"href":"https:\/\/mc-elektronika.hr\/index.php?rest_route=%2Fwp%2Fv2%2Fmedia&parent=11166"}],"wp:term":[{"taxonomy":"product_brand","embeddable":true,"href":"https:\/\/mc-elektronika.hr\/index.php?rest_route=%2Fwp%2Fv2%2Fproduct_brand&post=11166"},{"taxonomy":"product_cat","embeddable":true,"href":"https:\/\/mc-elektronika.hr\/index.php?rest_route=%2Fwp%2Fv2%2Fproduct_cat&post=11166"},{"taxonomy":"product_tag","embeddable":true,"href":"https:\/\/mc-elektronika.hr\/index.php?rest_route=%2Fwp%2Fv2%2Fproduct_tag&post=11166"}],"curies":[{"name":"wp","href":"https:\/\/api.w.org\/{rel}","templated":true}]}}