{"id":11158,"date":"2026-01-14T19:42:49","date_gmt":"2026-01-14T18:42:49","guid":{"rendered":"https:\/\/mc-elektronika.hr\/?product=reo-go-pt-ultra-g440"},"modified":"2026-01-14T19:54:09","modified_gmt":"2026-01-14T18:54:09","slug":"reo-go-pt-ultra-g440","status":"publish","type":"product","link":"https:\/\/mc-elektronika.hr\/?product=reo-go-pt-ultra-g440","title":{"rendered":"REO Go PT Ultra (G440)"},"content":{"rendered":"<p>&nbsp;<\/p>\n<table id=\"ContentPlaceHolder1_GridViewTechnicalCharacteristics\" class=\"table table-striped mt-2\" cellspacing=\"0\">\n<tbody>\n<tr>\n<td>Proizvo\u0111a\u010d<\/td>\n<td>Reolink<\/td>\n<\/tr>\n<tr>\n<td>Tehnologija<\/td>\n<td>4G<\/td>\n<\/tr>\n<tr>\n<td>Max rezolucija<\/td>\n<td>8Mpx<\/td>\n<\/tr>\n<tr>\n<td>SD kartica<\/td>\n<td>Do 128Gb<\/td>\n<\/tr>\n<tr>\n<td>Audio<\/td>\n<td>Ugra\u0111en mikrofon<\/td>\n<\/tr>\n<tr>\n<td>IR<\/td>\n<td>do 10m<\/td>\n<\/tr>\n<tr>\n<td>IP za\u0161tita<\/td>\n<td>IP64<\/td>\n<\/tr>\n<tr>\n<td>Napajanje<\/td>\n<td>5VDC, 2A, solar, baterijsko<\/td>\n<\/tr>\n<tr>\n<td>Dimenzije<\/td>\n<td>\u03a698 x 112mm<\/td>\n<\/tr>\n<tr>\n<td>Baterija<\/td>\n<td>Da<\/td>\n<\/tr>\n<tr>\n<td>Videoanalitika<\/td>\n<td>Smart AI &#8211; Person \/ Vehicle detection<\/td>\n<\/tr>\n<\/tbody>\n<\/table>\n","protected":false},"excerpt":{"rendered":"<p>8MP (Ultra HD) baterijska 4G PT kamera s pametnom detekcijom ljudi, vozila i \u017eivotinja, IR+ white light, baterijsko\/solarano napajanje, reflektor, zvu\u010dnik i mikrofon za dvosmjernu komunikaciju, mogu\u0107nost rotacije i naginjanja 355\u00b0 Pan&amp; 140\u00b0 Tilt., napajanje putem solarnog panela. Nadzor kroz besplatnu mobilnu ili desktop aplikaciju. Solarni panel v2 nije uklju\u010den! Mogu\u0107nost rada na mobilnim 4G i 3G mre\u017eama<\/p>\n","protected":false},"featured_media":11176,"comment_status":"open","ping_status":"closed","template":"","meta":{"om_disable_all_campaigns":false,"_monsterinsights_skip_tracking":false,"_monsterinsights_sitenote_active":false,"_monsterinsights_sitenote_note":"","_monsterinsights_sitenote_category":0},"product_brand":[],"product_cat":[180],"product_tag":[185,182,181,183],"class_list":{"0":"post-11158","1":"product","2":"type-product","3":"status-publish","4":"has-post-thumbnail","6":"product_cat-reolink","7":"product_tag-baterija","8":"product_tag-ptz","9":"product_tag-reolink","10":"product_tag-solar","12":"first","13":"instock","14":"shipping-taxable","15":"purchasable","16":"product-type-simple"},"aioseo_notices":[],"_links":{"self":[{"href":"https:\/\/mc-elektronika.hr\/index.php?rest_route=\/wp\/v2\/product\/11158","targetHints":{"allow":["GET"]}}],"collection":[{"href":"https:\/\/mc-elektronika.hr\/index.php?rest_route=\/wp\/v2\/product"}],"about":[{"href":"https:\/\/mc-elektronika.hr\/index.php?rest_route=\/wp\/v2\/types\/product"}],"replies":[{"embeddable":true,"href":"https:\/\/mc-elektronika.hr\/index.php?rest_route=%2Fwp%2Fv2%2Fcomments&post=11158"}],"wp:featuredmedia":[{"embeddable":true,"href":"https:\/\/mc-elektronika.hr\/index.php?rest_route=\/wp\/v2\/media\/11176"}],"wp:attachment":[{"href":"https:\/\/mc-elektronika.hr\/index.php?rest_route=%2Fwp%2Fv2%2Fmedia&parent=11158"}],"wp:term":[{"taxonomy":"product_brand","embeddable":true,"href":"https:\/\/mc-elektronika.hr\/index.php?rest_route=%2Fwp%2Fv2%2Fproduct_brand&post=11158"},{"taxonomy":"product_cat","embeddable":true,"href":"https:\/\/mc-elektronika.hr\/index.php?rest_route=%2Fwp%2Fv2%2Fproduct_cat&post=11158"},{"taxonomy":"product_tag","embeddable":true,"href":"https:\/\/mc-elektronika.hr\/index.php?rest_route=%2Fwp%2Fv2%2Fproduct_tag&post=11158"}],"curies":[{"name":"wp","href":"https:\/\/api.w.org\/{rel}","templated":true}]}}