{"id":11157,"date":"2026-01-14T19:42:48","date_gmt":"2026-01-14T18:42:48","guid":{"rendered":"https:\/\/mc-elektronika.hr\/?product=reo-go-pt-plus-g430"},"modified":"2026-01-14T19:56:59","modified_gmt":"2026-01-14T18:56:59","slug":"reo-go-pt-plus-g430","status":"publish","type":"product","link":"https:\/\/mc-elektronika.hr\/?product=reo-go-pt-plus-g430","title":{"rendered":"REO Go PT Plus (G430)"},"content":{"rendered":"<table id=\"ContentPlaceHolder1_GridViewTechnicalCharacteristics\" class=\"table table-striped mt-2\" cellspacing=\"0\">\n<tbody>\n<tr>\n<td>Proizvo\u0111a\u010d<\/td>\n<td>Reolink<\/td>\n<\/tr>\n<tr>\n<td>Tehnologija<\/td>\n<td>4G<\/td>\n<\/tr>\n<tr>\n<td>Objektiv<\/td>\n<td>2.8 mm (95\u00b0)<\/td>\n<\/tr>\n<tr>\n<td>Max rezolucija<\/td>\n<td>4Mpx<\/td>\n<\/tr>\n<tr>\n<td>SD kartica<\/td>\n<td>Do 128Gb<\/td>\n<\/tr>\n<tr>\n<td>Audio<\/td>\n<td>Ugra\u0111en mikrofon<\/td>\n<\/tr>\n<tr>\n<td>IR<\/td>\n<td>do 10m<\/td>\n<\/tr>\n<tr>\n<td>IP za\u0161tita<\/td>\n<td>IP64<\/td>\n<\/tr>\n<tr>\n<td>Napajanje<\/td>\n<td>5VDC, 2A, solar, baterijsko<\/td>\n<\/tr>\n<tr>\n<td>Dimenzije<\/td>\n<td>\u03a698 x 112mm<\/td>\n<\/tr>\n<tr>\n<td>Baterija<\/td>\n<td>Da<\/td>\n<\/tr>\n<tr>\n<td>Videoanalitika<\/td>\n<td>Smart AI &#8211; Person \/ Vehicle detection<\/td>\n<\/tr>\n<\/tbody>\n<\/table>\n","protected":false},"excerpt":{"rendered":"<p>Vanjska 5MP be\u017ei\u010dna 4G PT kamera s pametnom detekcijom ljudi, vozila i \u017eivotinja, IR+ white light, reflektor, PIR senzor, zvu\u010dnik i mikrofon za dvosmjernu komunikaciju, mogu\u0107nost rotacije i naginjanja 355\u00b0 Pan&amp;140\u00b0 Tilt., napajanje putem solarnog panela. Nadzor kroz besplatnu mobilnu aplikaciju, napajanje baterijsko, solarano, 5V\/2A (USB-C, u kompletu), IP64<\/p>\n","protected":false},"featured_media":11175,"comment_status":"open","ping_status":"closed","template":"","meta":{"om_disable_all_campaigns":false,"_monsterinsights_skip_tracking":false,"_monsterinsights_sitenote_active":false,"_monsterinsights_sitenote_note":"","_monsterinsights_sitenote_category":0},"product_brand":[],"product_cat":[180],"product_tag":[185,181,183],"class_list":{"0":"post-11157","1":"product","2":"type-product","3":"status-publish","4":"has-post-thumbnail","6":"product_cat-reolink","7":"product_tag-baterija","8":"product_tag-reolink","9":"product_tag-solar","11":"first","12":"instock","13":"shipping-taxable","14":"purchasable","15":"product-type-simple"},"aioseo_notices":[],"_links":{"self":[{"href":"https:\/\/mc-elektronika.hr\/index.php?rest_route=\/wp\/v2\/product\/11157","targetHints":{"allow":["GET"]}}],"collection":[{"href":"https:\/\/mc-elektronika.hr\/index.php?rest_route=\/wp\/v2\/product"}],"about":[{"href":"https:\/\/mc-elektronika.hr\/index.php?rest_route=\/wp\/v2\/types\/product"}],"replies":[{"embeddable":true,"href":"https:\/\/mc-elektronika.hr\/index.php?rest_route=%2Fwp%2Fv2%2Fcomments&post=11157"}],"wp:featuredmedia":[{"embeddable":true,"href":"https:\/\/mc-elektronika.hr\/index.php?rest_route=\/wp\/v2\/media\/11175"}],"wp:attachment":[{"href":"https:\/\/mc-elektronika.hr\/index.php?rest_route=%2Fwp%2Fv2%2Fmedia&parent=11157"}],"wp:term":[{"taxonomy":"product_brand","embeddable":true,"href":"https:\/\/mc-elektronika.hr\/index.php?rest_route=%2Fwp%2Fv2%2Fproduct_brand&post=11157"},{"taxonomy":"product_cat","embeddable":true,"href":"https:\/\/mc-elektronika.hr\/index.php?rest_route=%2Fwp%2Fv2%2Fproduct_cat&post=11157"},{"taxonomy":"product_tag","embeddable":true,"href":"https:\/\/mc-elektronika.hr\/index.php?rest_route=%2Fwp%2Fv2%2Fproduct_tag&post=11157"}],"curies":[{"name":"wp","href":"https:\/\/api.w.org\/{rel}","templated":true}]}}