{"id":11156,"date":"2026-01-14T19:42:47","date_gmt":"2026-01-14T18:42:47","guid":{"rendered":"https:\/\/mc-elektronika.hr\/?product=reo-go-plus-camouflage-g330"},"modified":"2026-01-14T19:51:46","modified_gmt":"2026-01-14T18:51:46","slug":"reo-go-plus-camouflage-g330","status":"publish","type":"product","link":"https:\/\/mc-elektronika.hr\/?product=reo-go-plus-camouflage-g330","title":{"rendered":"REO Go Plus Camouflage (G330)"},"content":{"rendered":"<table id=\"ContentPlaceHolder1_GridViewTechnicalCharacteristics\" class=\"table table-striped mt-2\" cellspacing=\"0\">\n<tbody>\n<tr>\n<td>Proizvo\u0111a\u010d<\/td>\n<td>Reolink<\/td>\n<\/tr>\n<tr>\n<td>Tehnologija<\/td>\n<td>4G<\/td>\n<\/tr>\n<tr>\n<td>Objektiv<\/td>\n<td>2.8 mm (95\u00b0)<\/td>\n<\/tr>\n<tr>\n<td>Max rezolucija<\/td>\n<td>4Mpx<\/td>\n<\/tr>\n<tr>\n<td>SD kartica<\/td>\n<td>Do 128Gb<\/td>\n<\/tr>\n<tr>\n<td>Audio<\/td>\n<td>Ugra\u0111en mikrofon<\/td>\n<\/tr>\n<tr>\n<td>IR<\/td>\n<td>do 10m<\/td>\n<\/tr>\n<tr>\n<td>IP za\u0161tita<\/td>\n<td>IP65<\/td>\n<\/tr>\n<tr>\n<td>Napajanje<\/td>\n<td>5VDC, 2A, solar, baterijsko<\/td>\n<\/tr>\n<tr>\n<td>Dimenzije<\/td>\n<td>\u03a675 x 194mm<\/td>\n<\/tr>\n<tr>\n<td>Baterija<\/td>\n<td>Da<\/td>\n<\/tr>\n<tr>\n<td>Te\u017eina<\/td>\n<td>0.92kg<\/td>\n<\/tr>\n<tr>\n<td>Videoanalitika<\/td>\n<td>Smart AI &#8211; Person \/ Vehicle detection<\/td>\n<\/tr>\n<\/tbody>\n<\/table>\n","protected":false},"excerpt":{"rendered":"<p>Vanjska be\u017ei\u010dna baterijska 4G kamera u kamufla\u017enoj boji, 4MP, kut snimanja 115\u00b0, dvosmjerna audio komunikacija, detekcija pokreta, prepoznavanje osoba i vozila, ugra\u0111ena sirena, otporna je na sve vremenske uvjete, time lapse opcija, za vanjske ili unutarnje prostore, utor za SD karticu do 128GB, omogu\u0107en pristup kameri putem mobilne ili desktop aplikacije, napajanje putem solarnog panela.<\/p>\n","protected":false},"featured_media":11174,"comment_status":"open","ping_status":"closed","template":"","meta":{"om_disable_all_campaigns":false,"_monsterinsights_skip_tracking":false,"_monsterinsights_sitenote_active":false,"_monsterinsights_sitenote_note":"","_monsterinsights_sitenote_category":0},"product_brand":[],"product_cat":[180],"product_tag":[181],"class_list":{"0":"post-11156","1":"product","2":"type-product","3":"status-publish","4":"has-post-thumbnail","6":"product_cat-reolink","7":"product_tag-reolink","9":"first","10":"instock","11":"shipping-taxable","12":"purchasable","13":"product-type-simple"},"aioseo_notices":[],"_links":{"self":[{"href":"https:\/\/mc-elektronika.hr\/index.php?rest_route=\/wp\/v2\/product\/11156","targetHints":{"allow":["GET"]}}],"collection":[{"href":"https:\/\/mc-elektronika.hr\/index.php?rest_route=\/wp\/v2\/product"}],"about":[{"href":"https:\/\/mc-elektronika.hr\/index.php?rest_route=\/wp\/v2\/types\/product"}],"replies":[{"embeddable":true,"href":"https:\/\/mc-elektronika.hr\/index.php?rest_route=%2Fwp%2Fv2%2Fcomments&post=11156"}],"wp:featuredmedia":[{"embeddable":true,"href":"https:\/\/mc-elektronika.hr\/index.php?rest_route=\/wp\/v2\/media\/11174"}],"wp:attachment":[{"href":"https:\/\/mc-elektronika.hr\/index.php?rest_route=%2Fwp%2Fv2%2Fmedia&parent=11156"}],"wp:term":[{"taxonomy":"product_brand","embeddable":true,"href":"https:\/\/mc-elektronika.hr\/index.php?rest_route=%2Fwp%2Fv2%2Fproduct_brand&post=11156"},{"taxonomy":"product_cat","embeddable":true,"href":"https:\/\/mc-elektronika.hr\/index.php?rest_route=%2Fwp%2Fv2%2Fproduct_cat&post=11156"},{"taxonomy":"product_tag","embeddable":true,"href":"https:\/\/mc-elektronika.hr\/index.php?rest_route=%2Fwp%2Fv2%2Fproduct_tag&post=11156"}],"curies":[{"name":"wp","href":"https:\/\/api.w.org\/{rel}","templated":true}]}}