{"id":11154,"date":"2026-01-14T19:42:46","date_gmt":"2026-01-14T18:42:46","guid":{"rendered":"https:\/\/mc-elektronika.hr\/?product=reo-fe-w-w520"},"modified":"2026-01-14T20:24:39","modified_gmt":"2026-01-14T19:24:39","slug":"reo-fe-w-w520","status":"publish","type":"product","link":"https:\/\/mc-elektronika.hr\/?product=reo-fe-w-w520","title":{"rendered":"REO FE-W (W520)"},"content":{"rendered":"<table id=\"ContentPlaceHolder1_GridViewTechnicalCharacteristics\" class=\"table table-striped mt-2\" cellspacing=\"0\">\n<tbody>\n<tr>\n<td>Proizvo\u0111a\u010d<\/td>\n<td>Reolink<\/td>\n<\/tr>\n<tr>\n<td>Tehnologija<\/td>\n<td>WiFi<\/td>\n<\/tr>\n<tr>\n<td>Objektiv<\/td>\n<td>1.98mm (180\u00b0)<\/td>\n<\/tr>\n<tr>\n<td>Max rezolucija<\/td>\n<td>6Mpx<\/td>\n<\/tr>\n<tr>\n<td>SD kartica<\/td>\n<td>Do 256 Gb<\/td>\n<\/tr>\n<tr>\n<td>Audio<\/td>\n<td>Dvosmjerni audio<\/td>\n<\/tr>\n<tr>\n<td>IR<\/td>\n<td>do 8m<\/td>\n<\/tr>\n<tr>\n<td>IP za\u0161tita<\/td>\n<td>Ne<\/td>\n<\/tr>\n<tr>\n<td>Napajanje<\/td>\n<td>12V DC<\/td>\n<\/tr>\n<tr>\n<td>Dimenzije<\/td>\n<td>\u00d8126&#215;49.2mm<\/td>\n<\/tr>\n<tr>\n<td>Baterija<\/td>\n<td>Ne<\/td>\n<\/tr>\n<tr>\n<td>Videoanalitika<\/td>\n<td>Smart AI &#8211; Person detection<\/td>\n<\/tr>\n<\/tbody>\n<\/table>\n","protected":false},"excerpt":{"rendered":"<p>Reolink FE-W fisheye WiFi kamera, kut snimanja od 360 stupnjeva, jedna kamera zamjenjuje 4 standardne kamere. Za unutarnju upotrebu, ima ugra\u0111en utor za Micro SD karticu do 256GB, snimanje zvuka, detekcija pokreta, dvosmjerna audio komunikacija. Mogu\u0107nost promjena na\u010dina prikaza slike, kristalno jasna kvaliteta slike uz visoku rezoluciju od 6MP i pametno prepoznavanje osoba.\u00a0 Pregled snimaka i slike u\u017eivo koriste\u0107i besplatnu Reolink aplikaciju za ra\u010dunalo ili mobilne ure\u0111aje. Adapter za napajanje 12V i 4.5m kabela napajanja dolazi u paketu.<\/p>\n","protected":false},"featured_media":11199,"comment_status":"open","ping_status":"closed","template":"","meta":{"om_disable_all_campaigns":false,"_monsterinsights_skip_tracking":false,"_monsterinsights_sitenote_active":false,"_monsterinsights_sitenote_note":"","_monsterinsights_sitenote_category":0},"product_brand":[],"product_cat":[180],"product_tag":[184,181],"class_list":{"0":"post-11154","1":"product","2":"type-product","3":"status-publish","4":"has-post-thumbnail","6":"product_cat-reolink","7":"product_tag-fisheye-360","8":"product_tag-reolink","10":"first","11":"instock","12":"shipping-taxable","13":"purchasable","14":"product-type-simple"},"aioseo_notices":[],"_links":{"self":[{"href":"https:\/\/mc-elektronika.hr\/index.php?rest_route=\/wp\/v2\/product\/11154","targetHints":{"allow":["GET"]}}],"collection":[{"href":"https:\/\/mc-elektronika.hr\/index.php?rest_route=\/wp\/v2\/product"}],"about":[{"href":"https:\/\/mc-elektronika.hr\/index.php?rest_route=\/wp\/v2\/types\/product"}],"replies":[{"embeddable":true,"href":"https:\/\/mc-elektronika.hr\/index.php?rest_route=%2Fwp%2Fv2%2Fcomments&post=11154"}],"wp:featuredmedia":[{"embeddable":true,"href":"https:\/\/mc-elektronika.hr\/index.php?rest_route=\/wp\/v2\/media\/11199"}],"wp:attachment":[{"href":"https:\/\/mc-elektronika.hr\/index.php?rest_route=%2Fwp%2Fv2%2Fmedia&parent=11154"}],"wp:term":[{"taxonomy":"product_brand","embeddable":true,"href":"https:\/\/mc-elektronika.hr\/index.php?rest_route=%2Fwp%2Fv2%2Fproduct_brand&post=11154"},{"taxonomy":"product_cat","embeddable":true,"href":"https:\/\/mc-elektronika.hr\/index.php?rest_route=%2Fwp%2Fv2%2Fproduct_cat&post=11154"},{"taxonomy":"product_tag","embeddable":true,"href":"https:\/\/mc-elektronika.hr\/index.php?rest_route=%2Fwp%2Fv2%2Fproduct_tag&post=11154"}],"curies":[{"name":"wp","href":"https:\/\/api.w.org\/{rel}","templated":true}]}}