{"id":11150,"date":"2026-01-14T19:42:44","date_gmt":"2026-01-14T18:42:44","guid":{"rendered":"https:\/\/mc-elektronika.hr\/?product=reo-e1-outdoor-pro-e560"},"modified":"2026-01-14T20:21:39","modified_gmt":"2026-01-14T19:21:39","slug":"reo-e1-outdoor-pro-e560","status":"publish","type":"product","link":"https:\/\/mc-elektronika.hr\/?product=reo-e1-outdoor-pro-e560","title":{"rendered":"REO E1 Outdoor Pro (E560)"},"content":{"rendered":"<table id=\"ContentPlaceHolder1_GridViewTechnicalCharacteristics\" class=\"table table-striped mt-2\" cellspacing=\"0\">\n<tbody>\n<tr>\n<td>Proizvo\u0111a\u010d<\/td>\n<td>Reolink<\/td>\n<\/tr>\n<tr>\n<td>Tehnologija<\/td>\n<td>WiFi<\/td>\n<\/tr>\n<tr>\n<td>Objektiv<\/td>\n<td>2.8-8mm(94\u00b0-50\u00b0)<\/td>\n<\/tr>\n<tr>\n<td>Max rezolucija<\/td>\n<td>8Mpx<\/td>\n<\/tr>\n<tr>\n<td>SD kartica<\/td>\n<td>Do 256 Gb<\/td>\n<\/tr>\n<tr>\n<td>Audio<\/td>\n<td>Dvosmjerni audio<\/td>\n<\/tr>\n<tr>\n<td>IR<\/td>\n<td>do 12m<\/td>\n<\/tr>\n<tr>\n<td>Napajanje<\/td>\n<td>12V DC<\/td>\n<\/tr>\n<tr>\n<td>Dimenzije<\/td>\n<td>\u03a685\u00d7118mm<\/td>\n<\/tr>\n<tr>\n<td>Videoanalitika<\/td>\n<td>Smart AI &#8211; Person \/ Vehicle detection with auto-tracking<\/td>\n<\/tr>\n<tr>\n<td>White Light LED<\/td>\n<td>Da<\/td>\n<\/tr>\n<tr>\n<td>Zvu\u010dnik<\/td>\n<td>Da<\/td>\n<\/tr>\n<\/tbody>\n<\/table>\n","protected":false},"excerpt":{"rendered":"<p>Vanjska WiFi rotacijska kamera s reflektorom, rezolucija 8Mpx. Mo\u017ee se rotirati sve do\u00a0355\u00a0stupnjeva, ima opti\u010dki 3x zoom, podr\u017eava WiFi 6 standard, opremljena je u\u010dinkovitim\u00a0no\u0107nim snimanjem, detekcijom pokreta, ugra\u0111enom\u00a0sirenom\u00a0i\u00a0dvosmjernim audiom. Podr\u017eava MicroSD kartice do 256GB. Time lapse opcija, pristup kameri bilo kada i bilo gdje putem mobilne ili desktop aplikacije, 12V adapter i 4m kabela napajanja uklju\u010deno u cijenu.<\/p>\n","protected":false},"featured_media":11196,"comment_status":"open","ping_status":"closed","template":"","meta":{"om_disable_all_campaigns":false,"_monsterinsights_skip_tracking":false,"_monsterinsights_sitenote_active":false,"_monsterinsights_sitenote_note":"","_monsterinsights_sitenote_category":0},"product_brand":[],"product_cat":[180],"product_tag":[182,181],"class_list":{"0":"post-11150","1":"product","2":"type-product","3":"status-publish","4":"has-post-thumbnail","6":"product_cat-reolink","7":"product_tag-ptz","8":"product_tag-reolink","10":"first","11":"instock","12":"shipping-taxable","13":"purchasable","14":"product-type-simple"},"aioseo_notices":[],"_links":{"self":[{"href":"https:\/\/mc-elektronika.hr\/index.php?rest_route=\/wp\/v2\/product\/11150","targetHints":{"allow":["GET"]}}],"collection":[{"href":"https:\/\/mc-elektronika.hr\/index.php?rest_route=\/wp\/v2\/product"}],"about":[{"href":"https:\/\/mc-elektronika.hr\/index.php?rest_route=\/wp\/v2\/types\/product"}],"replies":[{"embeddable":true,"href":"https:\/\/mc-elektronika.hr\/index.php?rest_route=%2Fwp%2Fv2%2Fcomments&post=11150"}],"wp:featuredmedia":[{"embeddable":true,"href":"https:\/\/mc-elektronika.hr\/index.php?rest_route=\/wp\/v2\/media\/11196"}],"wp:attachment":[{"href":"https:\/\/mc-elektronika.hr\/index.php?rest_route=%2Fwp%2Fv2%2Fmedia&parent=11150"}],"wp:term":[{"taxonomy":"product_brand","embeddable":true,"href":"https:\/\/mc-elektronika.hr\/index.php?rest_route=%2Fwp%2Fv2%2Fproduct_brand&post=11150"},{"taxonomy":"product_cat","embeddable":true,"href":"https:\/\/mc-elektronika.hr\/index.php?rest_route=%2Fwp%2Fv2%2Fproduct_cat&post=11150"},{"taxonomy":"product_tag","embeddable":true,"href":"https:\/\/mc-elektronika.hr\/index.php?rest_route=%2Fwp%2Fv2%2Fproduct_tag&post=11150"}],"curies":[{"name":"wp","href":"https:\/\/api.w.org\/{rel}","templated":true}]}}