{"id":11145,"date":"2026-01-14T19:42:42","date_gmt":"2026-01-14T18:42:42","guid":{"rendered":"https:\/\/mc-elektronika.hr\/?product=reo-colorx-series-p320x"},"modified":"2026-01-14T20:14:46","modified_gmt":"2026-01-14T19:14:46","slug":"reo-colorx-series-p320x","status":"publish","type":"product","link":"https:\/\/mc-elektronika.hr\/?product=reo-colorx-series-p320x","title":{"rendered":"REO ColorX Series (P320X)"},"content":{"rendered":"<table id=\"ContentPlaceHolder1_GridViewTechnicalCharacteristics\" class=\"table table-striped mt-2\" cellspacing=\"0\">\n<tbody>\n<tr>\n<td>Proizvo\u0111a\u010d<\/td>\n<td>Reolink<\/td>\n<\/tr>\n<tr>\n<td>Tehnologija<\/td>\n<td>IP video<\/td>\n<\/tr>\n<tr>\n<td>Max rezolucija<\/td>\n<td>4Mpx<\/td>\n<\/tr>\n<tr>\n<td>SD kartica<\/td>\n<td>Do 256 Gb<\/td>\n<\/tr>\n<tr>\n<td>Audio<\/td>\n<td>Dvosmjerni audio<\/td>\n<\/tr>\n<tr>\n<td>IP za\u0161tita<\/td>\n<td>IP67<\/td>\n<\/tr>\n<tr>\n<td>Napajanje<\/td>\n<td>12V DC, PoE<\/td>\n<\/tr>\n<tr>\n<td>Videoanalitika<\/td>\n<td>Smart AI &#8211; Person \/ Vehicle detection<\/td>\n<\/tr>\n<tr>\n<td>White Light LED<\/td>\n<td>Da<\/td>\n<\/tr>\n<\/tbody>\n<\/table>\n","protected":false},"excerpt":{"rendered":"<p>Vanjska PoE nadzorna kamera, rezolucija 4MP, napredna ColorX tehnologija za no\u0107no snimanje u boji koja omogu\u0107uje jasne i detaljne snimke \u010dak i pri vrlo slabom osvjetljenju. S velikim otvorom blende F1.0, koji hvata \u010detiri puta vi\u0161e svjetla od standardnog otovra od 2.0, mogu\u0107nost prepoznavanja osoba, vozila i \u017eivotinja, IP66 vodootporna, ima ugra\u0111en utor za micro SD karticu, snimanje zvuka, detekcija pokreta, FOV 89\u00b0, za vanjsku i unutarnju upotrebu, pristup kameri putem mobilne ili desktop aplikacije. Dolazi bez napajanja (napajnje poe switch, injector, Reolink snima\u010d ili 12V adapter)<\/p>\n","protected":false},"featured_media":11192,"comment_status":"open","ping_status":"closed","template":"","meta":{"om_disable_all_campaigns":false,"_monsterinsights_skip_tracking":false,"_monsterinsights_sitenote_active":false,"_monsterinsights_sitenote_note":"","_monsterinsights_sitenote_category":0},"product_brand":[],"product_cat":[180],"product_tag":[91,181],"class_list":{"0":"post-11145","1":"product","2":"type-product","3":"status-publish","4":"has-post-thumbnail","6":"product_cat-reolink","7":"product_tag-poe","8":"product_tag-reolink","10":"first","11":"instock","12":"shipping-taxable","13":"purchasable","14":"product-type-simple"},"aioseo_notices":[],"_links":{"self":[{"href":"https:\/\/mc-elektronika.hr\/index.php?rest_route=\/wp\/v2\/product\/11145","targetHints":{"allow":["GET"]}}],"collection":[{"href":"https:\/\/mc-elektronika.hr\/index.php?rest_route=\/wp\/v2\/product"}],"about":[{"href":"https:\/\/mc-elektronika.hr\/index.php?rest_route=\/wp\/v2\/types\/product"}],"replies":[{"embeddable":true,"href":"https:\/\/mc-elektronika.hr\/index.php?rest_route=%2Fwp%2Fv2%2Fcomments&post=11145"}],"wp:featuredmedia":[{"embeddable":true,"href":"https:\/\/mc-elektronika.hr\/index.php?rest_route=\/wp\/v2\/media\/11192"}],"wp:attachment":[{"href":"https:\/\/mc-elektronika.hr\/index.php?rest_route=%2Fwp%2Fv2%2Fmedia&parent=11145"}],"wp:term":[{"taxonomy":"product_brand","embeddable":true,"href":"https:\/\/mc-elektronika.hr\/index.php?rest_route=%2Fwp%2Fv2%2Fproduct_brand&post=11145"},{"taxonomy":"product_cat","embeddable":true,"href":"https:\/\/mc-elektronika.hr\/index.php?rest_route=%2Fwp%2Fv2%2Fproduct_cat&post=11145"},{"taxonomy":"product_tag","embeddable":true,"href":"https:\/\/mc-elektronika.hr\/index.php?rest_route=%2Fwp%2Fv2%2Fproduct_tag&post=11145"}],"curies":[{"name":"wp","href":"https:\/\/api.w.org\/{rel}","templated":true}]}}