{"id":11135,"date":"2026-01-14T19:42:34","date_gmt":"2026-01-14T18:42:34","guid":{"rendered":"https:\/\/mc-elektronika.hr\/?product=reo-altas-pt-ultra-b660"},"modified":"2026-01-14T20:02:32","modified_gmt":"2026-01-14T19:02:32","slug":"reo-altas-pt-ultra-b660","status":"publish","type":"product","link":"https:\/\/mc-elektronika.hr\/?product=reo-altas-pt-ultra-b660","title":{"rendered":"REO Altas PT Ultra (B660)"},"content":{"rendered":"<table id=\"ContentPlaceHolder1_GridViewTechnicalCharacteristics\" class=\"table table-striped mt-2\" cellspacing=\"0\">\n<tbody>\n<tr>\n<td>Proizvo\u0111a\u010d<\/td>\n<td>Reolink<\/td>\n<\/tr>\n<tr>\n<td>Tehnologija<\/td>\n<td>WiFi<\/td>\n<\/tr>\n<tr>\n<td>Objektiv<\/td>\n<td>4mm<\/td>\n<\/tr>\n<tr>\n<td>Max rezolucija<\/td>\n<td>8Mpx<\/td>\n<\/tr>\n<tr>\n<td>SD kartica<\/td>\n<td>Do 512 GB<\/td>\n<\/tr>\n<tr>\n<td>Audio<\/td>\n<td>Dvosmjerni audio<\/td>\n<\/tr>\n<tr>\n<td>IR<\/td>\n<td>Ne<\/td>\n<\/tr>\n<tr>\n<td>IP za\u0161tita<\/td>\n<td>IP66<\/td>\n<\/tr>\n<tr>\n<td>Napajanje<\/td>\n<td>Barerijsko, solarno, 5VDC (USB-C), 20000mAh<\/td>\n<\/tr>\n<tr>\n<td>Dimenzije<\/td>\n<td>126*78*76mm<\/td>\n<\/tr>\n<tr>\n<td>Baterija<\/td>\n<td>Da<\/td>\n<\/tr>\n<tr>\n<td>Videoanalitika<\/td>\n<td>Detekcija pokreta (PIR), detekcija ljudi, detekcija vozila, detekcija \u017eivotinja, 360\u00b0 automatsko pra\u0107enje ciljeva.<\/td>\n<\/tr>\n<tr>\n<td>White Light LED<\/td>\n<td>Da<\/td>\n<\/tr>\n<\/tbody>\n<\/table>\n","protected":false},"excerpt":{"rendered":"<p>Be\u017ei\u010dna WiFi nadzorna kamera s punjivom baterijom (mogu\u0107nost spajanja solarnog napajanja koji se isoru\u010duje odvojeno) , koja pru\u017ea potpuni pregled prostora uz 360\u00b0 rotaciju i automatsko pra\u0107enje osoba i vozila. Zahvaljuju\u0107i ColorX no\u0107nom vidu u boji, predsnimanju od 10 sekundi prije doga\u0111aja i podr\u0161ci za Wi-Fi 6, omogu\u0107uje vrhunsku sigurnost danju i no\u0107u. U na\u010dinu rada PIR detekcijom, baterija traje i do 500 dana.<\/p>\n","protected":false},"featured_media":11181,"comment_status":"open","ping_status":"closed","template":"","meta":{"om_disable_all_campaigns":false,"_monsterinsights_skip_tracking":false,"_monsterinsights_sitenote_active":false,"_monsterinsights_sitenote_note":"","_monsterinsights_sitenote_category":0},"product_brand":[],"product_cat":[180],"product_tag":[181],"class_list":{"0":"post-11135","1":"product","2":"type-product","3":"status-publish","4":"has-post-thumbnail","6":"product_cat-reolink","7":"product_tag-reolink","9":"first","10":"instock","11":"shipping-taxable","12":"purchasable","13":"product-type-simple"},"aioseo_notices":[],"_links":{"self":[{"href":"https:\/\/mc-elektronika.hr\/index.php?rest_route=\/wp\/v2\/product\/11135","targetHints":{"allow":["GET"]}}],"collection":[{"href":"https:\/\/mc-elektronika.hr\/index.php?rest_route=\/wp\/v2\/product"}],"about":[{"href":"https:\/\/mc-elektronika.hr\/index.php?rest_route=\/wp\/v2\/types\/product"}],"replies":[{"embeddable":true,"href":"https:\/\/mc-elektronika.hr\/index.php?rest_route=%2Fwp%2Fv2%2Fcomments&post=11135"}],"wp:featuredmedia":[{"embeddable":true,"href":"https:\/\/mc-elektronika.hr\/index.php?rest_route=\/wp\/v2\/media\/11181"}],"wp:attachment":[{"href":"https:\/\/mc-elektronika.hr\/index.php?rest_route=%2Fwp%2Fv2%2Fmedia&parent=11135"}],"wp:term":[{"taxonomy":"product_brand","embeddable":true,"href":"https:\/\/mc-elektronika.hr\/index.php?rest_route=%2Fwp%2Fv2%2Fproduct_brand&post=11135"},{"taxonomy":"product_cat","embeddable":true,"href":"https:\/\/mc-elektronika.hr\/index.php?rest_route=%2Fwp%2Fv2%2Fproduct_cat&post=11135"},{"taxonomy":"product_tag","embeddable":true,"href":"https:\/\/mc-elektronika.hr\/index.php?rest_route=%2Fwp%2Fv2%2Fproduct_tag&post=11135"}],"curies":[{"name":"wp","href":"https:\/\/api.w.org\/{rel}","templated":true}]}}