{"id":11117,"date":"2026-01-13T18:37:41","date_gmt":"2026-01-13T17:37:41","guid":{"rendered":"https:\/\/mc-elektronika.hr\/?post_type=product&#038;p=11117"},"modified":"2026-01-13T18:39:12","modified_gmt":"2026-01-13T17:39:12","slug":"ajax-fireprotect-plus-wh-2","status":"publish","type":"product","link":"https:\/\/mc-elektronika.hr\/?product=ajax-fireprotect-plus-wh-2","title":{"rendered":"AJAX FireProtect Plus WH"},"content":{"rendered":"<table id=\"ContentPlaceHolder1_GridViewTechnicalCharacteristics\" class=\"table table-striped mt-2\" cellspacing=\"0\">\n<tbody>\n<tr>\n<td>Proizvo\u0111a\u010d<\/td>\n<td>AJAX<\/td>\n<\/tr>\n<tr>\n<td>Tehnologija<\/td>\n<td>Be\u017ei\u010dna<\/td>\n<\/tr>\n<tr>\n<td>Be\u017ei\u010dna frekvencija<\/td>\n<td>868 MHz<\/td>\n<\/tr>\n<tr>\n<td>Be\u017ei\u010dna komunikacija<\/td>\n<td>Dvosmjerna<\/td>\n<\/tr>\n<tr>\n<td>Dimenzije<\/td>\n<td>132 x 132 x 31 mm<\/td>\n<\/tr>\n<tr>\n<td>Napajanje<\/td>\n<td>baterijsko 2 x CR2 (backup CR2032), 3V<\/td>\n<\/tr>\n<tr>\n<td>Ugradnja<\/td>\n<td>Unutra\u0161nja<\/td>\n<\/tr>\n<tr>\n<td>Detekcija<\/td>\n<td>Dim \/ CO \/ temperatura \/ nagli porast temperature<\/td>\n<\/tr>\n<tr>\n<td>Metoda detekcije<\/td>\n<td>Opti\u010dki<\/td>\n<\/tr>\n<tr>\n<td>Monta\u017ea<\/td>\n<td>Stropna<\/td>\n<\/tr>\n<tr>\n<td>Radna temperatura<\/td>\n<td>0\u00b0C do +65\u00b0C<\/td>\n<\/tr>\n<tr>\n<td>LED i zvu\u010dna signalizacija<\/td>\n<td>Da<\/td>\n<\/tr>\n<tr>\n<td>Ugra\u0111ena sirena \/ zujalica<\/td>\n<td>85 dB @ 1 m<\/td>\n<\/tr>\n<\/tbody>\n<\/table>\n","protected":false},"excerpt":{"rendered":"<p>Be\u017ei\u010dni detektor dima, CO, fiksne temperature i naglog pove\u0107anja temperature sa ugra\u0111enom piezzo sirenom 85dB@1m. Bijele boje<\/p>\n","protected":false},"featured_media":11118,"comment_status":"open","ping_status":"closed","template":"","meta":{"om_disable_all_campaigns":false,"_monsterinsights_skip_tracking":false,"_monsterinsights_sitenote_active":false,"_monsterinsights_sitenote_note":"","_monsterinsights_sitenote_category":0},"product_brand":[],"product_cat":[172],"product_tag":[],"class_list":{"0":"post-11117","1":"product","2":"type-product","3":"status-publish","4":"has-post-thumbnail","6":"product_cat-ajax","8":"first","9":"instock","10":"shipping-taxable","11":"purchasable","12":"product-type-simple"},"aioseo_notices":[],"_links":{"self":[{"href":"https:\/\/mc-elektronika.hr\/index.php?rest_route=\/wp\/v2\/product\/11117","targetHints":{"allow":["GET"]}}],"collection":[{"href":"https:\/\/mc-elektronika.hr\/index.php?rest_route=\/wp\/v2\/product"}],"about":[{"href":"https:\/\/mc-elektronika.hr\/index.php?rest_route=\/wp\/v2\/types\/product"}],"replies":[{"embeddable":true,"href":"https:\/\/mc-elektronika.hr\/index.php?rest_route=%2Fwp%2Fv2%2Fcomments&post=11117"}],"wp:featuredmedia":[{"embeddable":true,"href":"https:\/\/mc-elektronika.hr\/index.php?rest_route=\/wp\/v2\/media\/11118"}],"wp:attachment":[{"href":"https:\/\/mc-elektronika.hr\/index.php?rest_route=%2Fwp%2Fv2%2Fmedia&parent=11117"}],"wp:term":[{"taxonomy":"product_brand","embeddable":true,"href":"https:\/\/mc-elektronika.hr\/index.php?rest_route=%2Fwp%2Fv2%2Fproduct_brand&post=11117"},{"taxonomy":"product_cat","embeddable":true,"href":"https:\/\/mc-elektronika.hr\/index.php?rest_route=%2Fwp%2Fv2%2Fproduct_cat&post=11117"},{"taxonomy":"product_tag","embeddable":true,"href":"https:\/\/mc-elektronika.hr\/index.php?rest_route=%2Fwp%2Fv2%2Fproduct_tag&post=11117"}],"curies":[{"name":"wp","href":"https:\/\/api.w.org\/{rel}","templated":true}]}}