{"id":10929,"date":"2025-11-11T01:24:54","date_gmt":"2025-11-11T00:24:54","guid":{"rendered":"https:\/\/mc-elektronika.hr\/product\/ajax-curtain-outdoor-wh-bezicni-vanjski-kombinirani-pirmwam-detektor-pokreta-sa-efektom-zavjese\/"},"modified":"2026-01-13T18:28:40","modified_gmt":"2026-01-13T17:28:40","slug":"ajax-curtain-outdoor-wh","status":"publish","type":"product","link":"https:\/\/mc-elektronika.hr\/?product=ajax-curtain-outdoor-wh","title":{"rendered":"AJAX Curtain Outdoor WH"},"content":{"rendered":"<p>Be\u017ei\u010dni vanjski kombinirani PIR+MW+AM detektor pokreta sa efektom zavjese. Ugra\u0111ena i akcelometarska protusabota\u017ena za\u0161tita. IP55. Nosa\u010d i kutni nosa\u010d u kompletu. Bijele boje<\/p>\n","protected":false},"excerpt":{"rendered":"<p>Be\u017ei\u010dni vanjski kombinirani PIR+MW+AM detektor pokreta sa efektom zavjese.<\/p>\n","protected":false},"featured_media":11017,"comment_status":"open","ping_status":"closed","template":"","meta":{"om_disable_all_campaigns":false,"_monsterinsights_skip_tracking":false,"_monsterinsights_sitenote_active":false,"_monsterinsights_sitenote_note":"","_monsterinsights_sitenote_category":0},"product_brand":[],"product_cat":[172],"product_tag":[148,168,153,150,169,164,157],"class_list":{"0":"post-10929","1":"product","2":"type-product","3":"status-publish","4":"has-post-thumbnail","6":"product_cat-ajax","7":"product_tag-ajax","8":"product_tag-antimasking","9":"product_tag-bezicni","10":"product_tag-bijela-boja","11":"product_tag-ip55","12":"product_tag-mw","13":"product_tag-pir","15":"first","16":"instock","17":"shipping-taxable","18":"purchasable","19":"product-type-simple"},"aioseo_notices":[],"_links":{"self":[{"href":"https:\/\/mc-elektronika.hr\/index.php?rest_route=\/wp\/v2\/product\/10929","targetHints":{"allow":["GET"]}}],"collection":[{"href":"https:\/\/mc-elektronika.hr\/index.php?rest_route=\/wp\/v2\/product"}],"about":[{"href":"https:\/\/mc-elektronika.hr\/index.php?rest_route=\/wp\/v2\/types\/product"}],"replies":[{"embeddable":true,"href":"https:\/\/mc-elektronika.hr\/index.php?rest_route=%2Fwp%2Fv2%2Fcomments&post=10929"}],"wp:featuredmedia":[{"embeddable":true,"href":"https:\/\/mc-elektronika.hr\/index.php?rest_route=\/wp\/v2\/media\/11017"}],"wp:attachment":[{"href":"https:\/\/mc-elektronika.hr\/index.php?rest_route=%2Fwp%2Fv2%2Fmedia&parent=10929"}],"wp:term":[{"taxonomy":"product_brand","embeddable":true,"href":"https:\/\/mc-elektronika.hr\/index.php?rest_route=%2Fwp%2Fv2%2Fproduct_brand&post=10929"},{"taxonomy":"product_cat","embeddable":true,"href":"https:\/\/mc-elektronika.hr\/index.php?rest_route=%2Fwp%2Fv2%2Fproduct_cat&post=10929"},{"taxonomy":"product_tag","embeddable":true,"href":"https:\/\/mc-elektronika.hr\/index.php?rest_route=%2Fwp%2Fv2%2Fproduct_tag&post=10929"}],"curies":[{"name":"wp","href":"https:\/\/api.w.org\/{rel}","templated":true}]}}