{"id":10925,"date":"2025-11-11T01:24:54","date_gmt":"2025-11-11T00:24:54","guid":{"rendered":"https:\/\/mc-elektronika.hr\/product\/ajax-leaksprotect-wh-bezicni-detektor-izljeva-vode-ili-druge-nezapaljive-tekucine-ip65\/"},"modified":"2026-01-13T18:25:12","modified_gmt":"2026-01-13T17:25:12","slug":"ajax-leaksprotect-wh","status":"publish","type":"product","link":"https:\/\/mc-elektronika.hr\/?product=ajax-leaksprotect-wh","title":{"rendered":"AJAX LeaksProtect WH"},"content":{"rendered":"<p>Be\u017ei\u010dni detektor izljeva vode ili druge nezapaljive teku\u0107ine, IP65. Bijele boje<\/p>\n","protected":false},"excerpt":{"rendered":"<p>Be\u017ei\u010dni detektor izljeva vode ili druge nezapaljive teku\u0107ine, IP65.<\/p>\n","protected":false},"featured_media":11018,"comment_status":"open","ping_status":"closed","template":"","meta":{"om_disable_all_campaigns":false,"_monsterinsights_skip_tracking":false,"_monsterinsights_sitenote_active":false,"_monsterinsights_sitenote_note":"","_monsterinsights_sitenote_category":0},"product_brand":[],"product_cat":[172],"product_tag":[148,153,150,165],"class_list":{"0":"post-10925","1":"product","2":"type-product","3":"status-publish","4":"has-post-thumbnail","6":"product_cat-ajax","7":"product_tag-ajax","8":"product_tag-bezicni","9":"product_tag-bijela-boja","10":"product_tag-ip65","12":"first","13":"instock","14":"shipping-taxable","15":"purchasable","16":"product-type-simple"},"aioseo_notices":[],"_links":{"self":[{"href":"https:\/\/mc-elektronika.hr\/index.php?rest_route=\/wp\/v2\/product\/10925","targetHints":{"allow":["GET"]}}],"collection":[{"href":"https:\/\/mc-elektronika.hr\/index.php?rest_route=\/wp\/v2\/product"}],"about":[{"href":"https:\/\/mc-elektronika.hr\/index.php?rest_route=\/wp\/v2\/types\/product"}],"replies":[{"embeddable":true,"href":"https:\/\/mc-elektronika.hr\/index.php?rest_route=%2Fwp%2Fv2%2Fcomments&post=10925"}],"wp:featuredmedia":[{"embeddable":true,"href":"https:\/\/mc-elektronika.hr\/index.php?rest_route=\/wp\/v2\/media\/11018"}],"wp:attachment":[{"href":"https:\/\/mc-elektronika.hr\/index.php?rest_route=%2Fwp%2Fv2%2Fmedia&parent=10925"}],"wp:term":[{"taxonomy":"product_brand","embeddable":true,"href":"https:\/\/mc-elektronika.hr\/index.php?rest_route=%2Fwp%2Fv2%2Fproduct_brand&post=10925"},{"taxonomy":"product_cat","embeddable":true,"href":"https:\/\/mc-elektronika.hr\/index.php?rest_route=%2Fwp%2Fv2%2Fproduct_cat&post=10925"},{"taxonomy":"product_tag","embeddable":true,"href":"https:\/\/mc-elektronika.hr\/index.php?rest_route=%2Fwp%2Fv2%2Fproduct_tag&post=10925"}],"curies":[{"name":"wp","href":"https:\/\/api.w.org\/{rel}","templated":true}]}}