{"id":10913,"date":"2025-11-11T01:24:53","date_gmt":"2025-11-11T00:24:53","guid":{"rendered":"https:\/\/mc-elektronika.hr\/product\/dvc-dt607-fe-id-s2-rh-vanjska-pozivna-jedinica-s-fisheye-kamerom-u-boji-170-i-2-pozivne-tipke\/"},"modified":"2026-01-14T18:29:49","modified_gmt":"2026-01-14T17:29:49","slug":"dvc-dt607-fe-id-s2-rh","status":"publish","type":"product","link":"https:\/\/mc-elektronika.hr\/?product=dvc-dt607-fe-id-s2-rh","title":{"rendered":"DVC DT607\/FE\/ID\/S2\/RH"},"content":{"rendered":"<p>Vanjska pozivna jedinica s Fisheye kamerom u boji (170\u00b0) i 2 pozivne tipke. Izra\u0111ena od nehr\u0111aju\u0107eg \u010delika. IP54 za\u0161tita. Ugra\u0111en RFID \u010dita\u010d (125 kHz). Nad\u017ebukna ugradnja. Napajanje 24 VDC. U kompletu dolazi 7 kom RFID privjesaka.Nad\u017ebukna ugradnja.<\/p>\n","protected":false},"excerpt":{"rendered":"<p>Vanjska pozivna jedinica s Fisheye kamerom u boji (170\u00b0) i 2 pozivne tipke.<\/p>\n","protected":false},"featured_media":10938,"comment_status":"open","ping_status":"closed","template":"","meta":{"om_disable_all_campaigns":false,"_monsterinsights_skip_tracking":false,"_monsterinsights_sitenote_active":false,"_monsterinsights_sitenote_note":"","_monsterinsights_sitenote_category":0},"product_brand":[],"product_cat":[122],"product_tag":[138,124,141,136,135,137,125,142],"class_list":{"0":"post-10913","1":"product","2":"type-product","3":"status-publish","4":"has-post-thumbnail","6":"product_cat-video-portafoni","7":"product_tag-2-tipke","8":"product_tag-dvc","9":"product_tag-fish-eye-kamera","10":"product_tag-inox-kuciste","11":"product_tag-ip54","12":"product_tag-nadzbukna","13":"product_tag-napajanje","14":"product_tag-rfid","16":"first","17":"instock","18":"shipping-taxable","19":"purchasable","20":"product-type-simple"},"aioseo_notices":[],"_links":{"self":[{"href":"https:\/\/mc-elektronika.hr\/index.php?rest_route=\/wp\/v2\/product\/10913","targetHints":{"allow":["GET"]}}],"collection":[{"href":"https:\/\/mc-elektronika.hr\/index.php?rest_route=\/wp\/v2\/product"}],"about":[{"href":"https:\/\/mc-elektronika.hr\/index.php?rest_route=\/wp\/v2\/types\/product"}],"replies":[{"embeddable":true,"href":"https:\/\/mc-elektronika.hr\/index.php?rest_route=%2Fwp%2Fv2%2Fcomments&post=10913"}],"wp:featuredmedia":[{"embeddable":true,"href":"https:\/\/mc-elektronika.hr\/index.php?rest_route=\/wp\/v2\/media\/10938"}],"wp:attachment":[{"href":"https:\/\/mc-elektronika.hr\/index.php?rest_route=%2Fwp%2Fv2%2Fmedia&parent=10913"}],"wp:term":[{"taxonomy":"product_brand","embeddable":true,"href":"https:\/\/mc-elektronika.hr\/index.php?rest_route=%2Fwp%2Fv2%2Fproduct_brand&post=10913"},{"taxonomy":"product_cat","embeddable":true,"href":"https:\/\/mc-elektronika.hr\/index.php?rest_route=%2Fwp%2Fv2%2Fproduct_cat&post=10913"},{"taxonomy":"product_tag","embeddable":true,"href":"https:\/\/mc-elektronika.hr\/index.php?rest_route=%2Fwp%2Fv2%2Fproduct_tag&post=10913"}],"curies":[{"name":"wp","href":"https:\/\/api.w.org\/{rel}","templated":true}]}}