{"id":10912,"date":"2025-11-11T01:24:53","date_gmt":"2025-11-11T00:24:53","guid":{"rendered":"https:\/\/mc-elektronika.hr\/product\/dvc-dmr11s-s4-f1-vanjska-video-pozivna-jedinica-s-fisheye-kamerom-u-boji-170\/"},"modified":"2026-01-14T18:29:04","modified_gmt":"2026-01-14T17:29:04","slug":"dvc-dmr11s-s4-f1","status":"publish","type":"product","link":"https:\/\/mc-elektronika.hr\/?product=dvc-dmr11s-s4-f1","title":{"rendered":"DVC DMR11S\/S4\/F1"},"content":{"rendered":"<p>Vanjska video pozivna jedinica s Fisheye kamerom u boji (170\u00b0). 4 pozivne tipke u jednom redu i jednim praznim mjestom za modul serije DVC R21. Napajanje 24 VDC. Naponski\/relejni izlaz za bravu max. 12 VDC\/250mA. Podr\u017eava modul DVC DT-RLC. Pod\u017ebukna ili nad\u017ebukna (potreban DVC RH-MR11 pokrov od ki\u0161e) ugradnja.<\/p>\n","protected":false},"excerpt":{"rendered":"<p>Vanjska video pozivna jedinica s Fisheye kamerom u boji (170\u00b0).<\/p>\n","protected":false},"featured_media":10937,"comment_status":"open","ping_status":"closed","template":"","meta":{"om_disable_all_campaigns":false,"_monsterinsights_skip_tracking":false,"_monsterinsights_sitenote_active":false,"_monsterinsights_sitenote_note":"","_monsterinsights_sitenote_category":0},"product_brand":[],"product_cat":[122],"product_tag":[144,124,141,137,125,143,129],"class_list":{"0":"post-10912","1":"product","2":"type-product","3":"status-publish","4":"has-post-thumbnail","6":"product_cat-video-portafoni","7":"product_tag-4-tipke","8":"product_tag-dvc","9":"product_tag-fish-eye-kamera","10":"product_tag-nadzbukna","11":"product_tag-napajanje","12":"product_tag-podzbukna","13":"product_tag-relejni-modul","15":"first","16":"instock","17":"shipping-taxable","18":"purchasable","19":"product-type-simple"},"aioseo_notices":[],"_links":{"self":[{"href":"https:\/\/mc-elektronika.hr\/index.php?rest_route=\/wp\/v2\/product\/10912","targetHints":{"allow":["GET"]}}],"collection":[{"href":"https:\/\/mc-elektronika.hr\/index.php?rest_route=\/wp\/v2\/product"}],"about":[{"href":"https:\/\/mc-elektronika.hr\/index.php?rest_route=\/wp\/v2\/types\/product"}],"replies":[{"embeddable":true,"href":"https:\/\/mc-elektronika.hr\/index.php?rest_route=%2Fwp%2Fv2%2Fcomments&post=10912"}],"wp:featuredmedia":[{"embeddable":true,"href":"https:\/\/mc-elektronika.hr\/index.php?rest_route=\/wp\/v2\/media\/10937"}],"wp:attachment":[{"href":"https:\/\/mc-elektronika.hr\/index.php?rest_route=%2Fwp%2Fv2%2Fmedia&parent=10912"}],"wp:term":[{"taxonomy":"product_brand","embeddable":true,"href":"https:\/\/mc-elektronika.hr\/index.php?rest_route=%2Fwp%2Fv2%2Fproduct_brand&post=10912"},{"taxonomy":"product_cat","embeddable":true,"href":"https:\/\/mc-elektronika.hr\/index.php?rest_route=%2Fwp%2Fv2%2Fproduct_cat&post=10912"},{"taxonomy":"product_tag","embeddable":true,"href":"https:\/\/mc-elektronika.hr\/index.php?rest_route=%2Fwp%2Fv2%2Fproduct_tag&post=10912"}],"curies":[{"name":"wp","href":"https:\/\/api.w.org\/{rel}","templated":true}]}}