{"id":10901,"date":"2025-11-11T01:24:49","date_gmt":"2025-11-11T00:24:49","guid":{"rendered":"https:\/\/mc-elektronika.hr\/product\/dvc-dt-dj9b-audio-hands-free-jedinica-za-dvc-interfonske-sustave-s-3-tipke\/"},"modified":"2026-01-14T18:20:22","modified_gmt":"2026-01-14T17:20:22","slug":"dvc-dt-dj9b","status":"publish","type":"product","link":"https:\/\/mc-elektronika.hr\/?product=dvc-dt-dj9b","title":{"rendered":"DVC DT-DJ9B"},"content":{"rendered":"<p>Audio hands-free jedinica za DVC interfonske sustave s 3 tipke. Mogu\u0107nost kontrole 2 elektri\u010dne brave, mogu\u0107nost internog poziva unutar stana &#8211; crna<\/p>\n","protected":false},"excerpt":{"rendered":"<p>Audio hands-free jedinica za DVC interfonske sustave s 3 tipke.<\/p>\n","protected":false},"featured_media":11029,"comment_status":"open","ping_status":"closed","template":"","meta":{"om_disable_all_campaigns":false,"_monsterinsights_skip_tracking":false,"_monsterinsights_sitenote_active":false,"_monsterinsights_sitenote_note":"","_monsterinsights_sitenote_category":0},"product_brand":[],"product_cat":[122],"product_tag":[124,130],"class_list":{"0":"post-10901","1":"product","2":"type-product","3":"status-publish","4":"has-post-thumbnail","6":"product_cat-video-portafoni","7":"product_tag-dvc","8":"product_tag-hands-free","10":"first","11":"instock","12":"shipping-taxable","13":"purchasable","14":"product-type-simple"},"aioseo_notices":[],"_links":{"self":[{"href":"https:\/\/mc-elektronika.hr\/index.php?rest_route=\/wp\/v2\/product\/10901","targetHints":{"allow":["GET"]}}],"collection":[{"href":"https:\/\/mc-elektronika.hr\/index.php?rest_route=\/wp\/v2\/product"}],"about":[{"href":"https:\/\/mc-elektronika.hr\/index.php?rest_route=\/wp\/v2\/types\/product"}],"replies":[{"embeddable":true,"href":"https:\/\/mc-elektronika.hr\/index.php?rest_route=%2Fwp%2Fv2%2Fcomments&post=10901"}],"wp:featuredmedia":[{"embeddable":true,"href":"https:\/\/mc-elektronika.hr\/index.php?rest_route=\/wp\/v2\/media\/11029"}],"wp:attachment":[{"href":"https:\/\/mc-elektronika.hr\/index.php?rest_route=%2Fwp%2Fv2%2Fmedia&parent=10901"}],"wp:term":[{"taxonomy":"product_brand","embeddable":true,"href":"https:\/\/mc-elektronika.hr\/index.php?rest_route=%2Fwp%2Fv2%2Fproduct_brand&post=10901"},{"taxonomy":"product_cat","embeddable":true,"href":"https:\/\/mc-elektronika.hr\/index.php?rest_route=%2Fwp%2Fv2%2Fproduct_cat&post=10901"},{"taxonomy":"product_tag","embeddable":true,"href":"https:\/\/mc-elektronika.hr\/index.php?rest_route=%2Fwp%2Fv2%2Fproduct_tag&post=10901"}],"curies":[{"name":"wp","href":"https:\/\/api.w.org\/{rel}","templated":true}]}}