{"id":10899,"date":"2025-11-11T01:24:49","date_gmt":"2025-11-11T00:24:49","guid":{"rendered":"https:\/\/mc-elektronika.hr\/product\/dvc-dt-rlc-mini-relejni-modul-prosirenje-za-dodatnu-elektricnu-bravu-ili-za-ukljucivanje-svjetla-za-2-easy-sustave\/"},"modified":"2026-01-14T18:19:04","modified_gmt":"2026-01-14T17:19:04","slug":"dvc-dt-rlc-mini","status":"publish","type":"product","link":"https:\/\/mc-elektronika.hr\/?product=dvc-dt-rlc-mini","title":{"rendered":"DVC DT-RLC mini"},"content":{"rendered":"<p>Relejni modul (pro\u0161irenje) za dodatnu elektri\u010dnu bravu ili za uklju\u010divanje svjetla za 2-Easy sustave. Nema naponski izlaz.<\/p>\n","protected":false},"excerpt":{"rendered":"<p>Relejni modul (pro\u0161irenje) za dodatnu elektri\u010dnu bravu ili za uklju\u010divanje svjetla za 2-Easy sustave.<\/p>\n","protected":false},"featured_media":11035,"comment_status":"open","ping_status":"closed","template":"","meta":{"om_disable_all_campaigns":false,"_monsterinsights_skip_tracking":false,"_monsterinsights_sitenote_active":false,"_monsterinsights_sitenote_note":"","_monsterinsights_sitenote_category":0},"product_brand":[],"product_cat":[122],"product_tag":[128,124,129],"class_list":{"0":"post-10899","1":"product","2":"type-product","3":"status-publish","4":"has-post-thumbnail","6":"product_cat-video-portafoni","7":"product_tag-2-easy","8":"product_tag-dvc","9":"product_tag-relejni-modul","11":"first","12":"instock","13":"shipping-taxable","14":"purchasable","15":"product-type-simple"},"aioseo_notices":[],"_links":{"self":[{"href":"https:\/\/mc-elektronika.hr\/index.php?rest_route=\/wp\/v2\/product\/10899","targetHints":{"allow":["GET"]}}],"collection":[{"href":"https:\/\/mc-elektronika.hr\/index.php?rest_route=\/wp\/v2\/product"}],"about":[{"href":"https:\/\/mc-elektronika.hr\/index.php?rest_route=\/wp\/v2\/types\/product"}],"replies":[{"embeddable":true,"href":"https:\/\/mc-elektronika.hr\/index.php?rest_route=%2Fwp%2Fv2%2Fcomments&post=10899"}],"wp:featuredmedia":[{"embeddable":true,"href":"https:\/\/mc-elektronika.hr\/index.php?rest_route=\/wp\/v2\/media\/11035"}],"wp:attachment":[{"href":"https:\/\/mc-elektronika.hr\/index.php?rest_route=%2Fwp%2Fv2%2Fmedia&parent=10899"}],"wp:term":[{"taxonomy":"product_brand","embeddable":true,"href":"https:\/\/mc-elektronika.hr\/index.php?rest_route=%2Fwp%2Fv2%2Fproduct_brand&post=10899"},{"taxonomy":"product_cat","embeddable":true,"href":"https:\/\/mc-elektronika.hr\/index.php?rest_route=%2Fwp%2Fv2%2Fproduct_cat&post=10899"},{"taxonomy":"product_tag","embeddable":true,"href":"https:\/\/mc-elektronika.hr\/index.php?rest_route=%2Fwp%2Fv2%2Fproduct_tag&post=10899"}],"curies":[{"name":"wp","href":"https:\/\/api.w.org\/{rel}","templated":true}]}}