{"id":10873,"date":"2025-11-11T01:24:46","date_gmt":"2025-11-11T00:24:46","guid":{"rendered":"https:\/\/mc-elektronika.hr\/product\/dcn-tf2282-dlv2-turret-ip-video-kamera-2mpx\/"},"modified":"2026-01-13T19:14:35","modified_gmt":"2026-01-13T18:14:35","slug":"dcn-tf2282-dlv2","status":"publish","type":"product","link":"https:\/\/mc-elektronika.hr\/?product=dcn-tf2282-dlv2","title":{"rendered":"DCN-TF2282-DLV2"},"content":{"rendered":"<p>Turret IP video kamera, Dual Light, rezolucija 2Mpx\/25fps, objektiv 2.8 mm, H.265+, IR LED i LED light dometa 10-20 m,PoE, plasti\u010dno ku\u0107i\u0161te, IP67 za\u0161tita, VCA.<\/p>\n","protected":false},"excerpt":{"rendered":"<p>Turret IP video kamera, Dual Light, rezolucija 2Mpx\/25fps, objektiv 2.<\/p>\n","protected":false},"featured_media":11039,"comment_status":"open","ping_status":"closed","template":"","meta":{"om_disable_all_campaigns":false,"_monsterinsights_skip_tracking":false,"_monsterinsights_sitenote_active":false,"_monsterinsights_sitenote_note":"","_monsterinsights_sitenote_category":0},"product_brand":[],"product_cat":[173],"product_tag":[80,82,84,91,86],"class_list":{"0":"post-10873","1":"product","2":"type-product","3":"status-publish","4":"has-post-thumbnail","6":"product_cat-dvc-kamere","7":"product_tag-2mp","8":"product_tag-dome","9":"product_tag-dual-light","10":"product_tag-poe","11":"product_tag-turret","13":"first","14":"instock","15":"shipping-taxable","16":"purchasable","17":"product-type-simple"},"aioseo_notices":[],"_links":{"self":[{"href":"https:\/\/mc-elektronika.hr\/index.php?rest_route=\/wp\/v2\/product\/10873","targetHints":{"allow":["GET"]}}],"collection":[{"href":"https:\/\/mc-elektronika.hr\/index.php?rest_route=\/wp\/v2\/product"}],"about":[{"href":"https:\/\/mc-elektronika.hr\/index.php?rest_route=\/wp\/v2\/types\/product"}],"replies":[{"embeddable":true,"href":"https:\/\/mc-elektronika.hr\/index.php?rest_route=%2Fwp%2Fv2%2Fcomments&post=10873"}],"wp:featuredmedia":[{"embeddable":true,"href":"https:\/\/mc-elektronika.hr\/index.php?rest_route=\/wp\/v2\/media\/11039"}],"wp:attachment":[{"href":"https:\/\/mc-elektronika.hr\/index.php?rest_route=%2Fwp%2Fv2%2Fmedia&parent=10873"}],"wp:term":[{"taxonomy":"product_brand","embeddable":true,"href":"https:\/\/mc-elektronika.hr\/index.php?rest_route=%2Fwp%2Fv2%2Fproduct_brand&post=10873"},{"taxonomy":"product_cat","embeddable":true,"href":"https:\/\/mc-elektronika.hr\/index.php?rest_route=%2Fwp%2Fv2%2Fproduct_cat&post=10873"},{"taxonomy":"product_tag","embeddable":true,"href":"https:\/\/mc-elektronika.hr\/index.php?rest_route=%2Fwp%2Fv2%2Fproduct_tag&post=10873"}],"curies":[{"name":"wp","href":"https:\/\/api.w.org\/{rel}","templated":true}]}}