{"id":10855,"date":"2025-11-11T01:24:44","date_gmt":"2025-11-11T00:24:44","guid":{"rendered":"https:\/\/mc-elektronika.hr\/product\/dca-tf2282-turret-analog-hd-video-kamera-2mpx\/"},"modified":"2026-01-13T18:55:40","modified_gmt":"2026-01-13T17:55:40","slug":"dca-tf2282","status":"publish","type":"product","link":"https:\/\/mc-elektronika.hr\/?product=dca-tf2282","title":{"rendered":"DCA-TF2282"},"content":{"rendered":"<p>Turret analog HD video kamera, rezolucije 2Mpx, 1\/3&#8243; CMOS, objektiv 2.8mm, osjetljivost 0.01lux@F1.2, IR domet 10-20m, napajanje 12V DC, plasti\u010dno ku\u0107i\u0161te, IP66.<\/p>\n","protected":false},"excerpt":{"rendered":"<p>Turret analog HD video kamera, rezolucije 2Mpx, 1\/3&#8243; CMOS, objektiv 2.<\/p>\n","protected":false},"featured_media":10979,"comment_status":"open","ping_status":"closed","template":"","meta":{"om_disable_all_campaigns":false,"_monsterinsights_skip_tracking":false,"_monsterinsights_sitenote_active":false,"_monsterinsights_sitenote_note":"","_monsterinsights_sitenote_category":0},"product_brand":[],"product_cat":[173],"product_tag":[80,82,86],"class_list":{"0":"post-10855","1":"product","2":"type-product","3":"status-publish","4":"has-post-thumbnail","6":"product_cat-dvc-kamere","7":"product_tag-2mp","8":"product_tag-dome","9":"product_tag-turret","11":"first","12":"instock","13":"shipping-taxable","14":"purchasable","15":"product-type-simple"},"aioseo_notices":[],"_links":{"self":[{"href":"https:\/\/mc-elektronika.hr\/index.php?rest_route=\/wp\/v2\/product\/10855","targetHints":{"allow":["GET"]}}],"collection":[{"href":"https:\/\/mc-elektronika.hr\/index.php?rest_route=\/wp\/v2\/product"}],"about":[{"href":"https:\/\/mc-elektronika.hr\/index.php?rest_route=\/wp\/v2\/types\/product"}],"replies":[{"embeddable":true,"href":"https:\/\/mc-elektronika.hr\/index.php?rest_route=%2Fwp%2Fv2%2Fcomments&post=10855"}],"wp:featuredmedia":[{"embeddable":true,"href":"https:\/\/mc-elektronika.hr\/index.php?rest_route=\/wp\/v2\/media\/10979"}],"wp:attachment":[{"href":"https:\/\/mc-elektronika.hr\/index.php?rest_route=%2Fwp%2Fv2%2Fmedia&parent=10855"}],"wp:term":[{"taxonomy":"product_brand","embeddable":true,"href":"https:\/\/mc-elektronika.hr\/index.php?rest_route=%2Fwp%2Fv2%2Fproduct_brand&post=10855"},{"taxonomy":"product_cat","embeddable":true,"href":"https:\/\/mc-elektronika.hr\/index.php?rest_route=%2Fwp%2Fv2%2Fproduct_cat&post=10855"},{"taxonomy":"product_tag","embeddable":true,"href":"https:\/\/mc-elektronika.hr\/index.php?rest_route=%2Fwp%2Fv2%2Fproduct_tag&post=10855"}],"curies":[{"name":"wp","href":"https:\/\/api.w.org\/{rel}","templated":true}]}}